{"id":3509,"date":"2025-10-29T15:54:34","date_gmt":"2025-10-29T14:54:34","guid":{"rendered":"https:\/\/studiamo.cz\/?page_id=3509"},"modified":"2025-10-29T15:54:40","modified_gmt":"2025-10-29T14:54:40","slug":"o-me","status":"publish","type":"page","link":"https:\/\/studiamo.cz\/?page_id=3509","title":{"rendered":"O m\u011b"},"content":{"rendered":"\n  \n    <section class=\"u-clearfix u-valign-top-lg u-valign-top-md u-valign-top-sm u-valign-top-xs u-section-1\" id=\"block-1\">\n      <img decoding=\"async\" class=\"u-expanded-width u-image u-image-default u-image-1\" src=\"https:\/\/studiamo.cz\/wp-content\/uploads\/2025\/10\/banner3.jpg\" alt=\"\" data-image-width=\"1920\" data-image-height=\"284\">\n      <h2 class=\"u-text u-text-default u-text-white u-text-1\"> RE-FORMA<br>FYZIOTERAPIE<br>PRAHA 4\n      <\/h2>\n      <img decoding=\"async\" class=\"u-image u-image-contain u-image-default u-image-2\" src=\"https:\/\/studiamo.cz\/wp-content\/uploads\/2025\/10\/petrabalon.png\" alt=\"\" data-image-width=\"400\" data-image-height=\"600\">\n      <h3 class=\"u-text u-text-palette-4-base u-text-2\"> Mgr. Petra Mestekov\u00e1 (Krti\u010dkov\u00e1)<\/h3>\n      <p class=\"u-align-justify u-large-text u-text u-text-variant u-text-3\"> Pohyb je mou celo\u017eivotn\u00ed v\u00e1\u0161n\u00ed. V\u011bnovala jsem se mnoha sport\u016fm, ale nejhlub\u0161\u00ed stopu ve mn\u011b zanechala&nbsp;<span style=\"font-weight: 700;\">cyklistika<\/span>, kter\u00e9 se aktivn\u011b v\u011bnuji ji\u017e&nbsp;<span style=\"font-weight: 700;\">p\u0159es dvacet let<\/span>&nbsp;\u2013 nejprve jako z\u00e1vodnice a posledn\u00edch deset l\u200bet tak\u00e9 jako&nbsp;<span style=\"font-weight: 700;\">fyzioterapeut&nbsp;\/&nbsp;soigneur<\/span>. Tato v\u00e1\u0161e\u0148 m\u011b p\u0159ivedla k fyzioterapii, a proto byla volba m\u00e9ho studia jasn\u00e1 \u2013 absolvovala jsem magistersk\u00fd obor fyzioterapie na&nbsp;<span style=\"font-weight: 700;\">Fakult\u011b t\u011blesn\u00e9 kultury v Olomouci<\/span>, kde jsem z\u00edskala pevn\u00e9 odborn\u00e9 z\u00e1klady pro svou profesn\u00ed dr\u00e1hu.<br>M\u00e9 prvn\u00ed kroky do sv\u011bta medic\u00edny v\u0161ak vedly p\u0159es&nbsp;<span style=\"font-weight: 700;\">st\u0159edn\u00ed zdravotnickou \u0161kolu<\/span>, kde jsem vystudovala obor farmaceutick\u00fd laborant. D\u00edky tomu m\u00e1m \u0161irok\u00fd p\u0159ehled o&nbsp;<span style=\"font-weight: 700;\">mo\u017enostech bylinn\u00e9 l\u00e9\u010dby<\/span>, \u00fa\u010dinc\u00edch l\u00e9k\u016f a jejich vz\u00e1jemn\u00fdch interakc\u00edch, co\u017e mi pom\u00e1h\u00e1 v komplexn\u00ed p\u00e9\u010di o klienty.<br>Krom\u011b dom\u00e1c\u00edho vzd\u011bl\u00e1n\u00ed jsem m\u011bla mo\u017enost z\u00edskat cenn\u00e9 zku\u0161enosti v zahrani\u010d\u00ed \u2013 nap\u0159\u00edklad b\u011bhem st\u00e1\u017ee na&nbsp;<span style=\"font-weight: 700;\">sportovn\u00ed klinice v Istanbulu<\/span>, kde jsem se setkala s&nbsp;profesion\u00e1ln\u00edmi sportovci a roz\u0161\u00ed\u0159ila sv\u00e9 znalosti v oblasti sportovn\u00ed fyzioterapie. Neust\u00e1le pracuji na sv\u00e9m rozvoji, zejm\u00e9na v oblastech&nbsp;<span style=\"font-weight: 700;\">sportovn\u00ed fyzioterapie, diagnostiky a psychologie \u010dlov\u011bka<\/span>, abych sv\u00fdm klient\u016fm mohla poskytovat tu nejlep\u0161\u00ed mo\u017enou p\u00e9\u010di.<br>Velk\u00fdm miln\u00edkem v m\u00e9 kari\u00e9\u0159e je m\u00e9&nbsp;<span style=\"font-weight: 700;\">ned\u00e1vn\u00e9 p\u0159ijet\u00ed do t\u00fdmu Visma Lease a Bike<\/span>, jednoho z nejv\u011bt\u0161\u00edch sv\u011btov\u00fdch cyklistick\u00fdch t\u00fdm\u016f. Tato p\u0159\u00edle\u017eitost mi umo\u017e\u0148uje pracovat s&nbsp;vrcholov\u00fdmi sportovci a p\u0159in\u00e1\u0161et do sv\u00e9 praxe nejmodern\u011bj\u0161\u00ed p\u0159\u00edstupy a trendy v oblasti sportovn\u00ed fyzioterapie.<br>V lo\u0148sk\u00e9m roce jsem nav\u00edc \u00fasp\u011b\u0161n\u011b dokon\u010dila&nbsp;<span style=\"font-weight: 700;\">kurz Dynamick\u00e9 neuromuskul\u00e1rn\u00ed stabilizace&nbsp;<\/span>a z\u00edskala certifikaci&nbsp;<span style=\"font-weight: 700;\">Specialista v ergonomii<\/span>, co\u017e mi umo\u017e\u0148uje l\u00e9pe p\u0159izp\u016fsobit terapii individu\u00e1ln\u00edm pot\u0159eb\u00e1m klient\u016f \u2013 a\u0165 u\u017e jde o profesion\u00e1ln\u00ed sportovce, nebo rekrea\u010dn\u00ed nad\u0161ence.<br>M\u00fdm c\u00edlem je, aby se ka\u017ed\u00fd klient c\u00edtil ve sv\u00e9m t\u011ble co nejl\u00e9pe, a to jak p\u0159i sportovn\u00edm v\u00fdkonu, tak v b\u011b\u017en\u00e9m \u017eivot\u011b. R\u00e1da V\u00e1s p\u0159iv\u00edt\u00e1m ve sv\u00e9 ordinaci a pomohu V\u00e1m naj\u00edt cestu k pohybov\u00e9 pohod\u011b a optim\u00e1ln\u00edm v\u00fdkon\u016fm.\n      <\/p>\n      <h4 class=\"u-align-justify u-text u-text-palette-4-base u-text-4\"> \u201eSlunce v&nbsp;paprsc\u00edch sv\u00e9ho kola vid\u00ed jen ten, kdo j\u00edm s\u00e1m pohybuje\u2026\u201c<\/h4>\n      <p class=\"u-align-right u-text u-text-5\"> Hans Blickensd\u00f6rfer<\/p>\n    <\/section>\n    <section class=\"u-clearfix u-section-2\" id=\"block-2\">\n      <div class=\"u-clearfix u-sheet u-sheet-1\">\n        <div class=\"custom-expanded u-gallery u-layout-grid u-lightbox u-no-transition u-show-text-none u-gallery-1\">\n          <div class=\"u-gallery-inner u-gallery-inner-1\">\n            <div class=\"u-effect-hover-zoom u-gallery-item\">\n              <div class=\"u-back-slide\" data-image-width=\"1800\" data-image-height=\"2358\">\n                <img decoding=\"async\" class=\"u-back-image u-expanded\" src=\"https:\/\/studiamo.cz\/wp-content\/uploads\/2025\/10\/53x11PetraKrtickovafyzioteraputprofitm1.jpg\">\n              <\/div>\n              <div class=\"u-over-slide u-shading u-over-slide-1\"><\/div>\n            <\/div>\n            <div class=\"u-effect-hover-zoom u-gallery-item\">\n              <div class=\"u-back-slide\" data-image-width=\"1800\" data-image-height=\"2424\">\n                <img decoding=\"async\" class=\"u-back-image u-expanded\" src=\"https:\/\/studiamo.cz\/wp-content\/uploads\/2025\/10\/53x11PetraKrtickovafyzioteraputprofitm2.jpg\">\n              <\/div>\n              <div class=\"u-over-slide u-shading u-over-slide-2\"><\/div>\n            <\/div>\n            <div class=\"u-effect-hover-zoom u-gallery-item\">\n              <div class=\"u-back-slide\" data-image-width=\"932\" data-image-height=\"1178\">\n                <img decoding=\"async\" class=\"u-back-image u-expanded\" src=\"https:\/\/studiamo.cz\/wp-content\/uploads\/2025\/10\/53x11PetraKrtickovafyzioteraputprofitm3.jpg\">\n              <\/div>\n              <div class=\"u-over-slide u-shading u-over-slide-3\"><\/div>\n            <\/div>\n            <div class=\"u-effect-hover-zoom u-gallery-item\">\n              <div class=\"u-back-slide\" data-image-width=\"1937\" data-image-height=\"2520\">\n                <img decoding=\"async\" class=\"u-back-image u-expanded\" src=\"https:\/\/studiamo.cz\/wp-content\/uploads\/2025\/10\/53x11PetraKrtickovafyzioteraputprofitm4.jpg\">\n              <\/div>\n              <div class=\"u-over-slide u-shading u-over-slide-4\"><\/div>\n            <\/div>\n          <\/div>\n        <\/div>\n      <\/div>\n    <\/section>\n    <section class=\"u-black u-clearfix u-section-3\" id=\"block-3\">\n      <div class=\"u-clearfix u-sheet u-valign-middle-lg u-valign-middle-md u-valign-middle-sm u-valign-middle-xs u-sheet-1\">\n        <div class=\"data-layout-selected u-clearfix u-expanded-width u-layout-wrap u-layout-wrap-1\">\n          <div class=\"u-layout\">\n            <div class=\"u-layout-row\">\n              <div class=\"u-container-style u-layout-cell u-size-30 u-layout-cell-1\">\n                <div class=\"u-container-layout u-container-layout-1\">\n                  <h3 class=\"u-text u-text-default u-text-palette-3-base u-text-1\"> S K\u00ddM<br>SPOLUPRACUJI\n                  <\/h3>\n                  <div class=\"u-align-left u-border-3 u-border-grey-dark-1 u-expanded-width u-line u-line-horizontal u-line-1\"><\/div>\n                  <ul class=\"u-text u-text-default u-text-white u-text-2\">\n                    <li>\n                      <a href=\"https:\/\/www.teamvismaleaseabike.com\/\" target=\"_blank\" rel=\"noopener\" class=\"u-active-none u-border-none u-btn u-button-link u-button-style u-hover-none u-none u-text-white u-btn-1\">Visma Lease a<\/a>&nbsp;<a href=\"https:\/\/www.teamvismaleaseabike.com\/\" target=\"_blank\" rel=\"noopener\" class=\"u-active-none u-border-none u-btn u-button-link u-button-style u-hover-none u-none u-text-body-alt-color u-btn-2\">Bike<\/a>&nbsp;- kategorie World Tour\n                    <\/li>\n                    <li>\n                      <a href=\"https:\/\/www.rad-net.de\/\" class=\"u-active-none u-border-none u-btn u-button-link u-button-style u-hover-none u-none u-text-white u-btn-3\">N\u011bmeck\u00fd reprezenta\u010dn\u00ed t\u00fdm - silni\u010dn\u00ed cyklistika<\/a>\n                    <\/li>\n                    <li>\n                      <a href=\"https:\/\/www.rad-net-osswald.de\/\" class=\"u-active-none u-border-none u-btn u-button-link u-button-style u-hover-none u-none u-text-white u-btn-4\">Rad-Net O\u00dfwald - silni\u010dn\u00ed cyklistika<\/a>\n                    <\/li>\n                    <li>\n                      <a href=\"https:\/\/re-forma.cz\/images\/Svycarska_repre_2022_Jesenik_mensi.jpg\" title=\"\u0160v\u00fdcarsk\u00fd reprezenta\u010dn\u00ed t\u00fdm - Nations cup Jesen\u00edk 2022\" class=\"u-active-none u-border-none u-btn u-button-link u-button-style u-hover-none u-none u-text-white u-btn-5\">\u0160v\u00fdcarsk\u00fd reprezenta\u010dn\u00ed t\u00fdm - silni\u010dn\u00ed cyklistika<\/a>\n                    <\/li>\n                    <li>\n                      <a href=\"https:\/\/www.bora-hansgrohe.com\/en\" target=\"_blank\" rel=\"noopener noreferrer\" class=\"u-active-none u-border-none u-btn u-button-link u-button-style u-hover-none u-none u-text-white u-btn-6\">Bora Hansgrohe - n\u011bmeck\u00fd profesion\u00e1ln\u00ed cyklistick\u00fd team<\/a>\n                    <\/li>\n                    <li>kategorie World tour<\/li>\n                    <li>\n                      <a href=\"https:\/\/www.spkolo.cz\/retul-fit\/\" class=\"u-active-none u-border-none u-btn u-button-link u-button-style u-hover-none u-none u-text-white u-btn-7\">SP KOLO - Ret\u00fcl fit - nastaven\u00ed posedu na kole<\/a>\n                    <\/li>\n                    <li>TJ Sokol Kbely - pozemn\u00ed hokej<\/li>\n                    <li>\n                      <a href=\"https:\/\/re-forma.cz\/images\/Austria_gold.jpg\" target=\"_blank\" rel=\"noreferrer\" class=\"u-active-none u-border-none u-btn u-button-link u-button-style u-hover-none u-none u-text-white u-btn-8\">Rakousk\u00fd reprezenta\u010dn\u00ed team \u2013 silni\u010dn\u00ed cyklistiky<\/a>\n                    <\/li>\n                    <li>\n                      <a href=\"https:\/\/re-forma.cz\/images\/spoluprace\/svycarsko.jpg\" target=\"_blank\" rel=\"noreferrer\" class=\"u-active-none u-border-none u-btn u-button-link u-button-style u-hover-none u-none u-text-body-alt-color u-btn-9\">Humard velo passion - \u0160v\u00fdcarsk\u00fd team silni\u010dn\u00ed cyklistiky<\/a>\n                    <\/li>\n                    <li>\n                      <a href=\"http:\/\/www.cstl.cz\/\" target=\"_blank\" rel=\"noopener noreferrer\" class=\"u-active-none u-border-none u-btn u-button-link u-button-style u-hover-none u-none u-text-body-alt-color u-btn-10\">\u010clenka \u010cesk\u00e9 spole\u010dnosti t\u011blov\u00fdchovn\u00e9ho l\u00e9ka\u0159stv\u00ed<\/a>\n                    <\/li>\n                    <li>\n                      <a href=\"http:\/\/www.hsk-cycling.cz\/\" target=\"_blank\" rel=\"noopener noreferrer\" class=\"u-active-none u-border-none u-btn u-button-link u-button-style u-hover-none u-none u-text-white u-btn-11\">HSK cycling team Hradec Kr\u00e1lov\u00e9<\/a>\n                    <\/li>\n                    <li>\n                      <a href=\"http:\/\/www.sportomed.com.tr\/\" target=\"_blank\" rel=\"noopener noreferrer\" class=\"u-active-none u-border-none u-btn u-button-link u-button-style u-hover-none u-none u-text-white u-btn-12\">Sportomed Istanbul \u2013 l\u00e9\u010debn\u00e9 st\u0159edisko pro hr\u00e1\u010de Fenerbah\u00e7e Istanbul<\/a>\n                    <\/li>\n                    <li>\n                      <a href=\"https:\/\/www.connea.cz\/\" target=\"_blank\" rel=\"noopener noreferrer\" class=\"u-active-none u-border-none u-btn u-button-link u-button-style u-hover-none u-none u-text-white u-btn-13\">Partnerem Golf Trophy Tour 2016<\/a>\n                    <\/li>\n                    <li>\n                      <a href=\"http:\/\/www.uac.cz\/\" target=\"_blank\" rel=\"noopener noreferrer\" class=\"u-active-none u-border-none u-btn u-button-link u-button-style u-hover-none u-none u-text-active-white u-text-white u-btn-14\">Partnerem Unie amat\u00e9rsk\u00fdch cyklist\u016f - UAC<\/a>\n                    <\/li>\n                  <\/ul>\n                <\/div>\n              <\/div>\n              <div class=\"u-container-style u-layout-cell u-size-30 u-layout-cell-2\">\n                <div class=\"u-container-layout u-container-layout-2\">\n                  <div class=\"u-expanded-width u-gallery u-layout-grid u-lightbox u-no-transition u-show-text-none u-gallery-1\">\n                    <div class=\"u-gallery-inner u-gallery-inner-1\">\n                      <div class=\"u-effect-hover-zoom u-gallery-item\">\n                        <div class=\"u-back-slide\" data-image-width=\"960\" data-image-height=\"640\">\n                          <img decoding=\"async\" class=\"u-back-image u-expanded\" src=\"https:\/\/studiamo.cz\/wp-content\/uploads\/2025\/10\/Austria_gold.jpg\">\n                        <\/div>\n                        <div class=\"u-over-slide u-shading u-over-slide-1\"><\/div>\n                      <\/div>\n                      <div class=\"u-effect-hover-zoom u-gallery-item\">\n                        <div class=\"u-back-slide\" data-image-width=\"500\" data-image-height=\"500\">\n                          <img decoding=\"async\" class=\"u-back-image u-expanded\" src=\"https:\/\/studiamo.cz\/wp-content\/uploads\/2025\/10\/svycarsko.jpg\">\n                        <\/div>\n                        <div class=\"u-over-slide u-shading u-over-slide-2\"><\/div>\n                      <\/div>\n                      <div class=\"u-effect-hover-zoom u-gallery-item\">\n                        <div class=\"u-back-slide\" data-image-width=\"1024\" data-image-height=\"768\">\n                          <img decoding=\"async\" class=\"u-back-image u-expanded\" src=\"https:\/\/studiamo.cz\/wp-content\/uploads\/2025\/10\/Svycarska_repre_2022_Jesenik_mensi.jpg\">\n                        <\/div>\n                        <div class=\"u-over-slide u-shading u-over-slide-3\"><\/div>\n                      <\/div>\n                      <div class=\"u-effect-hover-zoom u-gallery-item\">\n                        <div class=\"u-back-slide\" data-image-width=\"500\" data-image-height=\"500\">\n                          <img decoding=\"async\" class=\"u-back-image u-expanded\" src=\"https:\/\/studiamo.cz\/wp-content\/uploads\/2025\/10\/cesko.jpg\">\n                        <\/div>\n                        <div class=\"u-over-slide u-shading u-over-slide-4\"><\/div>\n                      <\/div>\n                      <div class=\"u-effect-hover-zoom u-gallery-item\">\n                        <div class=\"u-back-slide\" data-image-width=\"500\" data-image-height=\"500\">\n                          <img decoding=\"async\" class=\"u-back-image u-expanded\" src=\"https:\/\/studiamo.cz\/wp-content\/uploads\/2025\/10\/turecko.jpg\">\n                        <\/div>\n                        <div class=\"u-over-slide u-shading u-over-slide-5\"><\/div>\n                      <\/div>\n                      <div class=\"u-effect-hover-zoom u-gallery-item\">\n                        <div class=\"u-back-slide\" data-image-width=\"1037\" data-image-height=\"582\">\n                          <img decoding=\"async\" class=\"u-back-image u-expanded\" src=\"https:\/\/studiamo.cz\/wp-content\/uploads\/2025\/10\/barta-hansgrohe.jpg\">\n                        <\/div>\n                        <div class=\"u-over-slide u-shading u-over-slide-6\"><\/div>\n                      <\/div>\n                    <\/div>\n                  <\/div>\n                <\/div>\n              <\/div>\n            <\/div>\n          <\/div>\n        <\/div>\n      <\/div>\n    <\/section>\n    <section class=\"u-clearfix u-section-4\" id=\"block-4\">\n      <div class=\"u-clearfix u-sheet u-sheet-1\">\n        <div class=\"data-layout-selected u-clearfix u-expanded-width u-layout-wrap u-layout-wrap-1\">\n          <div class=\"u-gutter-0 u-layout\">\n            <div class=\"u-layout-row\">\n              <div class=\"u-container-style u-layout-cell u-shape-rectangle u-size-60 u-size-60-md u-layout-cell-1\">\n                <div class=\"u-container-layout u-valign-top-lg u-valign-top-md u-valign-top-sm u-valign-top-xs u-container-layout-1\">\n                  <h3 class=\"u-text u-text-default u-text-palette-4-base u-text-1\"> Vzd\u011bl\u00e1n\u00ed&nbsp;a odborn\u00e9 kurzy<br>\n                  <\/h3>\n                  <h4 class=\"u-text u-text-default u-text-palette-4-base u-text-2\"> P\u0159i sv\u00e9 pr\u00e1ci vyu\u017e\u00edv\u00e1m prvky a znalosti z n\u00ed\u017ee uveden\u00fdch technik<br>a odborn\u00fdch kurz\u016f:\n                  <\/h4>\n                  <ul class=\"u-text u-text-default u-text-3\">\n                    <li> Certified Ergonomics Assessment Specialist - Jamie McGaha, ORT, CHT, CEAS, OTD, COMT, Atlanta, USA<\/li>\n                    <li>\n                      <a href=\"https:\/\/re-forma.cz\/images\/Manu%C3%A1ln%C3%AD_myofasci%C3%A1ln%C3%AD_lymfodren%C3%A1%C5%BE_certifik%C3%A1t.pdf\" class=\"u-active-none u-border-none u-btn u-button-style u-hover-none u-none u-text-palette-1-base u-btn-1\">Manu\u00e1ln\u00ed myofasci\u00e1ln\u00ed lymfodren\u00e1\u017e<\/a>- prim.MUDr. Loskotov\u00e1, Ph.D., Praha\n                    <\/li>\n                    <li>Dynamick\u00e1 neuromuskul\u00e1rn\u00ed stabilizace, Prof. Kol\u00e1\u0159, Mgr. Demekov\u00e1, Mgr. Oplatkov\u00e1, Mgr. Urb\u00e1\u0159ov\u00e1, Mgr. K\u00e1fu\u0148kovou Mgr. Pintarov\u00e1, Praha<\/li>\n                    <li>\n                      <a href=\"https:\/\/re-forma.cz\/novinky\/24-vlozky-formthotics.html\" class=\"u-active-none u-border-none u-btn u-button-style u-hover-none u-none u-text-palette-1-base u-btn-2\">Kurz individu\u00e1ln\u00ed zhotoven\u00ed st\u00e9lek Formthotics<\/a>&nbsp;- MUDr. K. Ma\u0161ek, Bc. J. Ma\u0161ek, \u010cerno\u0161ice\n                    <\/li>\n                    <li>\n                      <a href=\"https:\/\/re-forma.cz\/novinky\/22-uzijte-si-jizdu-na-kole-bez-bolesti-a-slapejte-efektivne.html\" class=\"u-active-none u-border-none u-btn u-button-style u-hover-none u-none u-text-palette-1-base u-btn-3\">Ret\u00fcl Bike Fit - individu\u00e1ln\u00ed nastaven\u00ed cyklistick\u00e9ho posedu<\/a>&nbsp;- M. Mat\u011bj\u010dek, Jesenice u Prahy\n                    <\/li>\n                    <li>Dynamick\u00e1 neuromuskul\u00e1rn\u00ed stabilizace podle Kol\u00e1\u0159e - DNS FIT KID - Mgr. Urb\u00e1\u0159ov\u00e1, Mgr. Nov\u00e1k, Praha<\/li>\n                    <li>\n                      <a href=\"https:\/\/re-forma.cz\/novinky\/21-uz-jste-slyseli-o-flossbandu-skvela-terapeuticka-pomucka-s-rychlym-efektem.html\" target=\"_blank\" rel=\"noopener\" class=\"u-active-none u-border-none u-btn u-button-style u-hover-none u-none u-text-palette-1-base u-btn-4\">Terapeutick\u00e9 vyu\u017eit\u00ed Flossbandu<\/a>- Mgr. Habara, Aktivn\u00ed odraz, sportovn\u00ed obuv \u2013 Dis. Mr\u00e1z, Klatovy\n                    <\/li>\n                    <li>Professional Diploma in Team Sports Injuries - Barca Innovation Hub - Universitas, on-line<\/li>\n                    <li>Psychosomatika v pediatrii -MUDr. Brann\u00e1, on-line<\/li>\n                    <li>Fyzioterapie funkce - forma, funkce, facilitace - Bc. Lewitov\u00e1, Dob\u0159ichovice<\/li>\n                    <li>Barefoot - diagnostika a terapie - Mgr. Krac\u00edkov\u00e1 &amp; Mgr. Gruberov\u00e1, Brno<\/li>\n                    <li>\n                      <a href=\"https:\/\/re-forma.cz\/novinky\/15-maminka-ve-forme.html\" class=\"u-active-none u-border-none u-btn u-button-style u-hover-none u-none u-text-palette-1-base u-btn-5\">Fit v t\u011bhotentv\u00ed<\/a>&nbsp;- C\u00edsa\u0159ov\u00e1, Dis.,Klatovy\n                    <\/li>\n                    <li>Diagnostika a terapie funk\u010dn\u00edch poruch hybn\u00e9 soustavy - Bc. Bezvodov\u00e1, Praha<\/li>\n                    <li>\n                      <a href=\"https:\/\/re-forma.cz\/novinky\/5-petra-krtickova-na-mistrovstvi-sveta-v-roli-fyzioterapeuta-narodniho-teamu.html\" class=\"u-active-none u-border-none u-btn u-button-style u-hover-none u-none u-text-palette-1-base u-btn-6\">Fyzioterapeutick\u00e9 vy\u0161et\u0159en\u00ed sportovc\u016f<\/a>\n                    <\/li>\n                    <li>Kineziotaping - Mgr. Ry\u0161\u00e1vkov\u00e1, Praha<\/li>\n                    <li>Kurz Feldenkraisovy metody - Frankov\u00e1, Praha<\/li>\n                    <li>Fyzioterapie u dysfunkce p\u00e1nevn\u00edho dna a inkontinence - PhDr. \u0160pringrov\u00e1, Ph.D, \u010cel\u00e1kovice<\/li>\n                    <li>Funk\u010dn\u00ed testov\u00e1n\u00ed a tr\u00e9nink pro fyzioterapeuty - PhDr. Vondr\u00e1\u0161ov\u00e1, Ph.D., Klatovy<\/li>\n                    <li>Stabilita v pohybov\u00e9m syst\u00e9mu a hlubok\u00fd stabiliza\u010dn\u00ed syst\u00e9m - Mgr. Suchomel, \u00dast\u00ed nad Orlic\u00ed<\/li>\n                    <li>Diagnostika a terapie nohy z pohledu v\u00fdvojov\u00e9 kineziologie - Mgr. Kinclov\u00e1, Ph.D., Brno<\/li>\n                    <li>Kurz Vojtovy reflexn\u00ed lokomoce \u201eA\u201c - Mgr. Macha\u010dov\u00e1, Olomouc<\/li>\n                    <li>SM syst\u00e9m - MUDr. Sm\u00ed\u0161ek, Praha<\/li>\n                    <li>Kurz instruktor Schwinn cycling - Mgr. Halasov\u00e1, Olomouc<\/li>\n                    <li>Z\u00e1klady Nordic Walking - Mgr. Mira, Brno<\/li>\n                  <\/ul>\n                  <img decoding=\"async\" class=\"u-image u-image-default u-image-1\" src=\"https:\/\/studiamo.cz\/wp-content\/uploads\/2025\/10\/petramasaz.png\" alt=\"\" data-image-width=\"606\" data-image-height=\"600\">\n                <\/div>\n              <\/div>\n            <\/div>\n          <\/div>\n        <\/div>\n      <\/div>\n    <\/section>\n    \n    \n    \n    \n    \n  \n","protected":false},"excerpt":{"rendered":"<p>RE-FORMAFYZIOTERAPIEPRAHA 4 Mgr. Petra Mestekov\u00e1 (Krti\u010dkov\u00e1) Pohyb je mou celo\u017eivotn\u00ed v\u00e1\u0161n\u00ed. V\u011bnovala jsem se mnoha sport\u016fm, ale nejhlub\u0161\u00ed stopu ve mn\u011b zanechala&nbsp;cyklistika, kter\u00e9 se aktivn\u011b v\u011bnuji ji\u017e&nbsp;p\u0159es dvacet let&nbsp;\u2013 nejprve jako z\u00e1vodnice a posledn\u00edch deset l\u200bet tak\u00e9 jako&nbsp;fyzioterapeut&nbsp;\/&nbsp;soigneur. Tato v\u00e1\u0161e\u0148 m\u011b p\u0159ivedla k fyzioterapii, a proto byla volba m\u00e9ho studia jasn\u00e1 \u2013 absolvovala jsem magistersk\u00fd &hellip; <a href=\"https:\/\/studiamo.cz\/?page_id=3509\" class=\"more-link\">Continue reading<span class=\"screen-reader-text\"> &#8222;O m\u011b&#8220;<\/span><\/a><\/p>\n","protected":false},"author":1,"featured_media":0,"parent":0,"menu_order":2,"comment_status":"closed","ping_status":"closed","template":"","meta":{"footnotes":""},"class_list":["post-3509","page","type-page","status-publish","hentry"],"_links":{"self":[{"href":"https:\/\/studiamo.cz\/index.php?rest_route=\/wp\/v2\/pages\/3509","targetHints":{"allow":["GET"]}}],"collection":[{"href":"https:\/\/studiamo.cz\/index.php?rest_route=\/wp\/v2\/pages"}],"about":[{"href":"https:\/\/studiamo.cz\/index.php?rest_route=\/wp\/v2\/types\/page"}],"author":[{"embeddable":true,"href":"https:\/\/studiamo.cz\/index.php?rest_route=\/wp\/v2\/users\/1"}],"replies":[{"embeddable":true,"href":"https:\/\/studiamo.cz\/index.php?rest_route=%2Fwp%2Fv2%2Fcomments&post=3509"}],"version-history":[{"count":1,"href":"https:\/\/studiamo.cz\/index.php?rest_route=\/wp\/v2\/pages\/3509\/revisions"}],"predecessor-version":[{"id":3516,"href":"https:\/\/studiamo.cz\/index.php?rest_route=\/wp\/v2\/pages\/3509\/revisions\/3516"}],"wp:attachment":[{"href":"https:\/\/studiamo.cz\/index.php?rest_route=%2Fwp%2Fv2%2Fmedia&parent=3509"}],"curies":[{"name":"wp","href":"https:\/\/api.w.org\/{rel}","templated":true}]}}