{"id":3512,"date":"2025-10-29T15:54:37","date_gmt":"2025-10-29T14:54:37","guid":{"rendered":"https:\/\/studiamo.cz\/?page_id=3512"},"modified":"2025-10-29T15:54:41","modified_gmt":"2025-10-29T14:54:41","slug":"sluzby","status":"publish","type":"page","link":"https:\/\/studiamo.cz\/?page_id=3512","title":{"rendered":"Slu\u017eby"},"content":{"rendered":"\n  \n    <section class=\"u-clearfix u-valign-top-lg u-valign-top-md u-valign-top-sm u-valign-top-xs u-section-1\" id=\"sec-6c61\">\n      <img decoding=\"async\" class=\"u-absolute-hcenter u-expanded u-image u-image-default\" src=\"https:\/\/studiamo.cz\/wp-content\/uploads\/2025\/10\/banner4.jpg\" alt=\"\" data-image-width=\"1920\" data-image-height=\"284\">\n      <h2 class=\"u-text u-text-default u-text-white u-text-1\">Slu\u017eby<\/h2>\n    <\/section>\n    <section class=\"u-align-center u-clearfix u-container-align-center u-gradient u-valign-top-lg u-valign-top-md u-valign-top-sm u-valign-top-xs u-section-2\" id=\"block-1\">\n      <div class=\"u-expanded-width u-tab-links-align-justify u-tabs u-tabs-1\">\n        <ul class=\"u-tab-list u-unstyled u-white u-tab-list-1\" role=\"tablist\"><li class=\"u-tab-item\" role=\"presentation\"><a class=\"active u-active-custom-color-1 u-border-1 u-border-grey-75 u-button-style u-hover-palette-5-light-3 u-palette-5-light-3 u-tab-link u-text-active-black u-tab-link-1\" id=\"link-tab-8850\" href=\"#tab-8850\" role=\"tab\">fyzio<\/a>\n<\/li><li class=\"u-tab-item\" role=\"presentation\"><a class=\"u-active-custom-color-1 u-border-1 u-border-grey-75 u-button-style u-hover-palette-5-light-3 u-palette-5-light-3 u-tab-link u-text-active-black u-tab-link-2\" id=\"link-tab-14b7\" href=\"#tab-14b7\" role=\"tab\">Sportovn\u00ed Fyzioterapie<\/a>\n<\/li><li class=\"u-tab-item\" role=\"presentation\"><a class=\"u-active-custom-color-1 u-border-1 u-border-grey-75 u-button-style u-hover-palette-5-light-3 u-palette-5-light-3 u-tab-link u-text-active-black u-tab-link-3\" id=\"link-tab-2917\" href=\"#tab-2917\" role=\"tab\">Prevence<\/a>\n<\/li><li class=\"u-tab-item u-tab-item-4\" role=\"presentation\"><a class=\"u-active-custom-color-1 u-border-1 u-border-grey-75 u-button-style u-hover-palette-5-light-3 u-palette-5-light-3 u-tab-link u-text-active-black u-tab-link-4\" id=\"tab-7fce\" href=\"#link-tab-7fce\" role=\"tab\">Konzultace<\/a>\n<\/li><li class=\"u-tab-item\" role=\"presentation\"><a class=\"u-active-custom-color-1 u-border-1 u-border-grey-75 u-button-style u-hover-palette-5-light-3 u-palette-5-light-3 u-tab-link u-text-active-black u-tab-link-5\" id=\"link-tab-be0d\" href=\"#tab-be0d\" role=\"tab\">Ergonomie<\/a>\n<\/li><li class=\"u-tab-item\" role=\"presentation\"><a class=\"u-active-custom-color-1 u-border-1 u-border-grey-75 u-button-style u-hover-palette-5-light-3 u-palette-5-light-3 u-tab-link u-text-active-black u-tab-link-6\" id=\"link-tab-c194\" href=\"#tab-c194\" role=\"tab\">Relaxace a regenerace<\/a>\n<\/li><\/ul>\n        <div class=\"u-tab-content\">\n          <div class=\"u-container-style u-shape-rectangle u-tab-active u-tab-pane u-white u-tab-pane-1\" id=\"tab-8850\" role=\"tabpanel\" aria-labelledby=\"link-tab-8850\">\n            <div class=\"u-container-layout u-container-layout-1\">\n              <h3 class=\"u-text u-text-default u-text-palette-4-base u-text-1\">Fyzio<span class=\"u-text-palette-4-base\"><\/span>\n              <\/h3>\n              <div class=\"custom-expanded u-align-left u-border-1 u-border-grey-dark-1 u-line u-line-horizontal u-line-1\"><\/div>\n              <p class=\"u-text u-text-2\"><span style=\"font-size: 1.125rem;\"> Pokud chcete aktivn\u011b p\u0159isp\u011bt ke zlep\u0161en\u00ed sv\u00fdch pohybov\u00fdch schopnost\u00ed, sn\u00ed\u017eit bolestivost, urychlit rekonvalescenci, odd\u00e1lit nebo se i vyhnout chirurgick\u00e9mu \u0159e\u0161en\u00ed a p\u0159edch\u00e1zet zran\u011bn\u00edm, zkuste fyzioterapii.<\/span>\n                <br>\n                <br><span style=\"font-size: 1.125rem; font-weight: 700;\">Tr\u00e1p\u00ed v\u00e1s:<br><\/span>\n              <\/p>\n              <div><span style=\"font-size: 1.125rem; font-weight: 700;\"><\/span>\n              <\/div>\n              <p><\/p>\n              <ul class=\"u-text u-text-black u-text-3\">\n                <li>Bolestiv\u00e9 stavy pohybov\u00e9ho apar\u00e1tu jako nap\u0159\u00edklad bolesti zad, kloub\u016f, bolesti hlavy<\/li>\n                <li>Bolesti sval\u016f, p\u0159et\u00ed\u017een\u00ed, \u00faponov\u00e9 bolesti \u0161lach a vaz\u016f jako&nbsp;<a href=\"https:\/\/re-forma.cz\/novinky\/21-uz-jste-slyseli-o-flossbandu-skvela-terapeuticka-pomucka-s-rychlym-efektem.html\" class=\"u-active-none u-border-none u-btn u-button-style u-hover-none u-none u-text-palette-1-base u-btn-1\">z\u00e1n\u011bt Achillovy \u0161lachy \u010di tenisov\u00fd loket<\/a>\n                <\/li>\n                <li>Obt\u00ed\u017ee spojen\u00e9 s funk\u010dn\u00edmi poruchami pohybov\u00e9ho apar\u00e1tu (kloubn\u00ed blok\u00e1dy, svalov\u00e9 spazmy, problematika jizev)<\/li>\n                <li>V\u00fdh\u0159ez meziobratlov\u00fdch desti\u010dek, brn\u011bn\u00ed kon\u010detin; oslaben\u00ed nervosvalov\u00e9ho apar\u00e1tu<\/li>\n                <li>Roztrou\u0161enou skler\u00f3za, Parkinsonova nemoc, stavy po obrn\u00e1ch nerv\u016f (nap\u0159. obrna l\u00edcn\u00edho nervu,\u2026), stavy po c\u00e9vn\u00ed mozkov\u00e9 p\u0159\u00edhod\u011b<\/li>\n                <li>Bolestiv\u00e1 menstruace, funk\u010dn\u00ed sterilita<\/li>\n                <li>Inkontinence<\/li>\n                <li>Skoli\u00f3za u d\u011bt\u00ed i dosp\u011bl\u00fdch<\/li>\n                <li>Revmatologick\u00e9 choroby (Becht\u011brevova nemoc, revmatoidn\u00ed artritida, artr\u00f3za kloub\u016f)<\/li>\n                <li>Obt\u00ed\u017ee s ch\u016fz\u00ed, ploch\u00e1 noha, obt\u00ed\u017ee spojen\u00e9 s omezen\u00edm aktivn\u00edho zp\u016fsobu \u017eivota<\/li>\n                <li>Poopera\u010dn\u00ed stavy; rehabilitace po operac\u00edch \u010di n\u00e1hrad\u00e1ch kloub\u016f; po\u00farazov\u00e9 stavy (v\u00fdrony, zlomeniny, apod.)<\/li>\n              <\/ul>\n            <\/div>\n          <\/div>\n          <div class=\"u-container-style u-shape-rectangle u-tab-pane u-white u-tab-pane-2\" id=\"tab-14b7\" role=\"tabpanel\" aria-labelledby=\"link-tab-14b7\">\n            <div class=\"u-container-layout u-valign-top-lg u-valign-top-md u-valign-top-sm u-valign-top-xs u-container-layout-2\">\n              <h3 class=\"u-text u-text-palette-4-base u-text-4\"> SPORTOVN\u00cd FYZIOTERAPIE <\/h3>\n              <div class=\"custom-expanded u-align-left u-border-1 u-border-grey-dark-1 u-line u-line-horizontal u-line-2\"><\/div>\n              <p class=\"u-text u-text-5\"> Sportovn\u00ed fyzioterapie je ur\u010dena sportovc\u016fm, kte\u0159\u00ed cht\u011bj\u00ed zvy\u0161ovat svoji v\u00fdkonnost na profesion\u00e1ln\u00ed \u00farovni. Cht\u011bj\u00ed p\u0159edch\u00e1zet zran\u011bn\u00ed, p\u0159et\u00ed\u017een\u00ed, spr\u00e1vn\u011b posilovat a regenerovat. Pomohu i se sportovn\u00edmi \u00farazy pro urychlen\u00fd n\u00e1vrat do formy!&nbsp;<br>Ve spolupr\u00e1ci fyzioterapeuta, V\u00e1s a Va\u0161eho tren\u00e9ra, zhotov\u00edm rozvojov\u00fd pl\u00e1n na z\u00e1klad\u011b Va\u0161ich anatomick\u00fdch proporc\u00ed. Sportovn\u00ed diagnostika je zam\u011b\u0159ena na vyu\u017eit\u00ed fyzick\u00e9ho potenci\u00e1lu ka\u017ed\u00e9ho jednotlivce a prevenci zran\u011bn\u00ed d\u00edky respektov\u00e1n\u00ed anatomick\u00e9 struktury va\u0161eho t\u011bla a jej\u00edch specifik.<br>V\u00fdstupem ze sportovn\u00ed diagnostiky je zpr\u00e1va pro V\u00e1s a pro Va\u0161eho tren\u00e9ra. Zpr\u00e1va podle typu obsahuje popis st\u00e1vaj\u00edc\u00edho stavu pohybov\u00e9ho apar\u00e1tu s n\u00e1vrhy pro korekci pohybov\u00fdch stereotyp\u016f p\u0159i sportu a aktivit\u00e1ch v b\u011b\u017en\u00e9m \u017eivot\u011b, zhodnocen\u00ed st\u00e1vaj\u00edc\u00edho tr\u00e9ninkov\u00e9ho pl\u00e1nu, nebo p\u0159\u00edstupu k tr\u00e9ninku a n\u00e1vrh nejvhodn\u011bj\u0161\u00edch oblast\u00ed cvi\u010den\u00ed.\n              <\/p>\n              <ul class=\"u-text u-text-6\">\n                <li> Edukace stretchingu<\/li>\n                <li>Efektivizace specifick\u00e9ho sportovn\u00edho pohybu (odbit\u00ed m\u00ed\u010de, do\u0161lap, \u2026)<\/li>\n                <li>Korekce posilov\u00e1n\u00ed<\/li>\n                <li>Korekce posedu na kole (Ret\u00fcl fitting)<\/li>\n                <li>Sestaven\u00ed funk\u010dn\u00edho kondi\u010dn\u00edho rehabilita\u010dn\u00edho tr\u00e9ninku<\/li>\n              <\/ul>\n            <\/div>\n          <\/div>\n          <div class=\"u-container-style u-shape-rectangle u-tab-pane u-white u-tab-pane-3\" id=\"tab-2917\" role=\"tabpanel\" aria-labelledby=\"link-tab-2917\">\n            <div class=\"u-container-layout u-valign-top-lg u-valign-top-md u-valign-top-sm u-valign-top-xs u-container-layout-3\">\n              <h3 class=\"u-text u-text-default u-text-palette-4-base u-text-7\">Prevence<\/h3>\n              <div class=\"custom-expanded u-align-left u-border-1 u-border-grey-dark-1 u-line u-line-horizontal u-line-3\"><\/div>\n              <p class=\"u-text u-text-8\"> V r\u00e1mci preventivn\u00ed p\u00e9\u010de&nbsp; V\u00e1m pomohu udr\u017eet zdrav\u00ed,&nbsp;p\u0159edch\u00e1zet probl\u00e9m\u016fm se z\u00e1dy a klouby. Zapracujeme tak spole\u010dn\u011b na pomalej\u0161\u00edm opot\u0159ebov\u00e1n\u00ed organismu a zlep\u0161\u00edme schopnost regenerace t\u011bla po fyzick\u00e9 i psychick\u00e9 z\u00e1t\u011b\u017ei.Sportovc\u016fm pom\u00e1h\u00e1 k lep\u0161\u00edm a&nbsp; stabiln\u00edm v\u00fdkon\u016fm a omezuje riziko \u00faraz\u016f, kter\u00e9 vznikaj\u00ed v d\u016fsledku konstantn\u00edho p\u0159et\u011b\u017eov\u00e1n\u00ed ur\u010dit\u00fdch, pro ka\u017ed\u00fd sport typick\u00fdch oblast\u00ed.Jen komplexn\u00ed a odborn\u00e9 \u0159e\u0161en\u00ed v r\u00e1mci cel\u00e9ho pohybov\u00e9ho syst\u00e9mu zaru\u010duje c\u00edlenou p\u00e9\u010di s dlouhodob\u00fdmi v\u00fdsledky<\/p>\n            <\/div>\n          <\/div>\n          <div class=\"u-container-style u-shape-rectangle u-tab-pane u-white u-tab-pane-4\" id=\"link-tab-7fce\" role=\"tabpanel\" aria-labelledby=\"tab-7fce\">\n            <div class=\"u-container-layout u-container-layout-4\">\n              <h3 class=\"u-text u-text-default u-text-palette-4-base u-text-9\">Konzultace<\/h3>\n              <div class=\"custom-expanded u-align-left u-border-1 u-border-grey-dark-1 u-line u-line-horizontal u-line-4\"><\/div>\n              <p class=\"u-text u-text-10\"> Nab\u00edz\u00edm V\u00e1m individu\u00e1ln\u00ed \u010di skupinov\u00e9 poradenstv\u00ed s fyzioterapeutem. Konzultace mohou prob\u00edhat p\u0159\u00edmo u V\u00e1s nebo v podob\u011b individu\u00e1ln\u00edch fyzioterapi\u00ed v centru v Praze, Rostislavova7, Praha 4<\/p>\n              <ul class=\"u-text u-text-11\">\n                <li> Konzultace vhodn\u00fdch pohybov\u00fdch aktivit - neni\u010dte si zdrav\u00ed!<\/li>\n                <li>Konzultace v\u00fdb\u011bru spr\u00e1vn\u00e9 obuvi - cho\u010fte zdrav\u011b!<\/li>\n                <li>Konzultace ergonomie pracovn\u00edho prost\u0159ed\u00ed - trp\u00edte p\u0159i sedu v aut\u011b, u PC nebo ve stoji? Nemus\u00edte!<\/li>\n                <li>Konzulace posedu na kole - u\u017eijte si bezbolestnou j\u00edzdu na kole a p\u0159edejd\u011bte nepohodl\u00ed!<\/li>\n              <\/ul>\n            <\/div>\n          <\/div>\n          <div class=\"u-container-style u-shape-rectangle u-tab-pane u-white u-tab-pane-5\" id=\"tab-be0d\" role=\"tabpanel\" aria-labelledby=\"link-tab-be0d\">\n            <div class=\"u-container-layout u-container-layout-5\">\n              <h3 class=\"u-text u-text-default u-text-palette-4-base u-text-12\">Ergonomie<\/h3>\n              <div class=\"custom-expanded u-align-left u-border-1 u-border-grey-dark-1 u-line u-line-horizontal u-line-5\"><\/div>\n              <p class=\"u-text u-text-13\"> Nev\u00edte jak uspo\u0159\u00e1dat pracovn\u00ed prostor a jak se k pr\u00e1ci postavit? Jak jinak ne\u017e \u010delem:) a s dal\u0161\u00edm uspo\u0159\u00e1d\u00e1n\u00edm V\u00e1m pomohu. D\u00e1le porad\u00edm jak si efektivn\u011b ulevit p\u0159i dlouhodob\u00e9m sedu, stoji,...<br>Zlep\u0161uje zdrav\u00ed a v\u00fdkonnost zam\u011bstnanc\u016f<br>P\u0159edch\u00e1z\u00ed \u010di pom\u00e1h\u00e1 sni\u017eovat bolesti zad - a\u017e 80% dosp\u011bl\u00fdch lid\u00ed m\u00e1 v&nbsp;pr\u016fb\u011bhu sv\u00e9ho \u017eivota zku\u0161enost s&nbsp;bolest\u00ed k\u0159\u00ed\u017ee a \u0159ada t\u011bchto pot\u00ed\u017e\u00ed souvis\u00ed s&nbsp;pracovn\u00edmi podm\u00ednkami<br>Zvy\u0161uje produktivitu pr\u00e1ce \u2013 pokud c\u00edt\u00edte bolest, na Va\u0161i pr\u00e1ci se nesoust\u0159ed\u00edte<br>Omezuje pracovn\u00ed neschopnost - bolesti pohybov\u00e9ho syst\u00e9mu jsou&nbsp;druhou nej\u010dast\u011bj\u0161\u00ed p\u0159\u00ed\u010dinou pracovn\u00ed neschopnosti<br>Sekund\u00e1rn\u011b sni\u017euje n\u00e1klady zam\u011bstnavatele\n              <\/p>\n            <\/div>\n          <\/div>\n          <div class=\"u-container-style u-shape-rectangle u-tab-pane u-white u-tab-pane-6\" id=\"tab-c194\" role=\"tabpanel\" aria-labelledby=\"link-tab-c194\">\n            <div class=\"u-container-layout u-container-layout-6\">\n              <h3 class=\"u-text u-text-default u-text-palette-4-base u-text-14\"> RELAXACE A REGENERACE<\/h3>\n              <div class=\"custom-expanded u-align-center u-border-1 u-border-grey-dark-1 u-line u-line-horizontal u-line-6\"><\/div>\n              <p class=\"u-text u-text-15\"> Sportovn\u00ed fyzioterapie je ur\u010dena sportovc\u016fm, kte\u0159\u00ed cht\u011bj\u00ed zvy\u0161ovat svoji v\u00fdkonnost na profesion\u00e1ln\u00ed \u00farovni. Cht\u011bj\u00ed p\u0159edch\u00e1zet zran\u011bn\u00ed, p\u0159et\u00ed\u017een\u00ed, spr\u00e1vn\u011b posilovat a regenerovat. Pomohu i se sportovn\u00edmi \u00farazy pro urychlen\u00fd n\u00e1vrat do formy!&nbsp;<br>Ve spolupr\u00e1ci fyzioterapeuta, V\u00e1s a Va\u0161eho tren\u00e9ra, zhotov\u00edm rozvojov\u00fd pl\u00e1n na z\u00e1klad\u011b Va\u0161ich anatomick\u00fdch proporc\u00ed. Sportovn\u00ed diagnostika je zam\u011b\u0159ena na vyu\u017eit\u00ed fyzick\u00e9ho potenci\u00e1lu ka\u017ed\u00e9ho jednotlivce a prevenci zran\u011bn\u00ed d\u00edky respektov\u00e1n\u00ed anatomick\u00e9 struktury va\u0161eho t\u011bla a jej\u00edch specifik.<br>V\u00fdstupem ze sportovn\u00ed diagnostiky je zpr\u00e1va pro V\u00e1s a pro Va\u0161eho tren\u00e9ra. Zpr\u00e1va podle typu obsahuje popis st\u00e1vaj\u00edc\u00edho stavu pohybov\u00e9ho apar\u00e1tu s n\u00e1vrhy pro korekci pohybov\u00fdch stereotyp\u016f p\u0159i sportu a aktivit\u00e1ch v b\u011b\u017en\u00e9m \u017eivot\u011b, zhodnocen\u00ed st\u00e1vaj\u00edc\u00edho tr\u00e9ninkov\u00e9ho pl\u00e1nu, nebo p\u0159\u00edstupu k tr\u00e9ninku a n\u00e1vrh nejvhodn\u011bj\u0161\u00edch oblast\u00ed cvi\u010den\u00ed.\n              <\/p>\n            <\/div>\n          <\/div>\n        <\/div>\n      <\/div>\n    <\/section>\n    \n    \n    \n    \n    \n  \n","protected":false},"excerpt":{"rendered":"<p>Slu\u017eby fyzio Sportovn\u00ed Fyzioterapie Prevence Konzultace Ergonomie Relaxace a regenerace Fyzio Pokud chcete aktivn\u011b p\u0159isp\u011bt ke zlep\u0161en\u00ed sv\u00fdch pohybov\u00fdch schopnost\u00ed, sn\u00ed\u017eit bolestivost, urychlit rekonvalescenci, odd\u00e1lit nebo se i vyhnout chirurgick\u00e9mu \u0159e\u0161en\u00ed a p\u0159edch\u00e1zet zran\u011bn\u00edm, zkuste fyzioterapii. Tr\u00e1p\u00ed v\u00e1s: Bolestiv\u00e9 stavy pohybov\u00e9ho apar\u00e1tu jako nap\u0159\u00edklad bolesti zad, kloub\u016f, bolesti hlavy Bolesti sval\u016f, p\u0159et\u00ed\u017een\u00ed, \u00faponov\u00e9 bolesti \u0161lach &hellip; <a href=\"https:\/\/studiamo.cz\/?page_id=3512\" class=\"more-link\">Continue reading<span class=\"screen-reader-text\"> &#8222;Slu\u017eby&#8220;<\/span><\/a><\/p>\n","protected":false},"author":1,"featured_media":0,"parent":0,"menu_order":5,"comment_status":"closed","ping_status":"closed","template":"","meta":{"footnotes":""},"class_list":["post-3512","page","type-page","status-publish","hentry"],"_links":{"self":[{"href":"https:\/\/studiamo.cz\/index.php?rest_route=\/wp\/v2\/pages\/3512","targetHints":{"allow":["GET"]}}],"collection":[{"href":"https:\/\/studiamo.cz\/index.php?rest_route=\/wp\/v2\/pages"}],"about":[{"href":"https:\/\/studiamo.cz\/index.php?rest_route=\/wp\/v2\/types\/page"}],"author":[{"embeddable":true,"href":"https:\/\/studiamo.cz\/index.php?rest_route=\/wp\/v2\/users\/1"}],"replies":[{"embeddable":true,"href":"https:\/\/studiamo.cz\/index.php?rest_route=%2Fwp%2Fv2%2Fcomments&post=3512"}],"version-history":[{"count":1,"href":"https:\/\/studiamo.cz\/index.php?rest_route=\/wp\/v2\/pages\/3512\/revisions"}],"predecessor-version":[{"id":3519,"href":"https:\/\/studiamo.cz\/index.php?rest_route=\/wp\/v2\/pages\/3512\/revisions\/3519"}],"wp:attachment":[{"href":"https:\/\/studiamo.cz\/index.php?rest_route=%2Fwp%2Fv2%2Fmedia&parent=3512"}],"curies":[{"name":"wp","href":"https:\/\/api.w.org\/{rel}","templated":true}]}}