{"id":3513,"date":"2025-10-29T15:54:38","date_gmt":"2025-10-29T14:54:38","guid":{"rendered":"https:\/\/studiamo.cz\/?page_id=3513"},"modified":"2025-10-29T15:54:41","modified_gmt":"2025-10-29T14:54:41","slug":"specialni-nabidky","status":"publish","type":"page","link":"https:\/\/studiamo.cz\/?page_id=3513","title":{"rendered":"Speci\u00e1ln\u00ed nab\u00eddky"},"content":{"rendered":"\n  \n    <section class=\"u-clearfix u-valign-top-lg u-valign-top-md u-valign-top-sm u-valign-top-xs u-section-1\" id=\"sec-6c61\">\n      <img decoding=\"async\" class=\"u-absolute-hcenter u-expanded u-image u-image-default\" src=\"https:\/\/studiamo.cz\/wp-content\/uploads\/2025\/10\/banner4.jpg\" alt=\"\" data-image-width=\"1920\" data-image-height=\"284\">\n      <h2 class=\"u-text u-text-default u-text-white u-text-1\">Speci\u00e1ln\u00ed nab\u00eddky<\/h2>\n    <\/section>\n    <section class=\"u-clearfix u-section-2\" id=\"block-1\">\n      <div class=\"u-clearfix u-sheet u-sheet-1\">\n        <div class=\"data-layout-selected u-clearfix u-expanded-width u-gutter-30 u-layout-wrap u-layout-wrap-1\">\n          <div class=\"u-layout\">\n            <div class=\"u-layout-col\">\n              <div class=\"u-size-30\">\n                <div class=\"u-layout-row\">\n                  <div class=\"u-container-style u-grey-5 u-layout-cell u-size-30 u-layout-cell-1\">\n                    <div class=\"u-container-layout u-container-layout-1\">\n                      <img decoding=\"async\" class=\"u-align-center u-image u-image-contain u-image-default u-preserve-proportions u-image-1\" src=\"https:\/\/studiamo.cz\/wp-content\/uploads\/2025\/10\/ikonka-sportovec.png\" alt=\"\" data-image-width=\"128\" data-image-height=\"128\">\n                      <h3 class=\"u-align-center u-text u-text-default u-text-palette-4-base u-text-1\">Sportovec ve form\u011b<\/h3>\n                      <p class=\"u-align-center u-text u-text-default u-text-2\"> Po individu\u00e1ln\u00ed konzultaci p\u0159iprav\u00edm komplexn\u00ed pl\u00e1n pro sportovce se zam\u011b\u0159en\u00edm na eliminaci sportovn\u00edch zran\u011bn\u00ed, prevenci a zv\u00fd\u0161en\u00ed v\u00fdkonnosti.<br>Dlouhodob\u011b spolupracuji se sportovci na nejvy\u0161\u0161\u00ed \u00farovni. Aktu\u00e1ln\u011b jsem \u010dlenkou World Tour t\u00fdmu Visma Lease a Bike. Spolupracovala jsem s (reprezenta\u010dn\u00ed t\u00fdm\u00fd silni\u010dn\u00ed cyklistiky - N\u011bmecka, \u0160v\u00fdcarska, Rakouska, Bora- Hansgrohe a dal\u0161\u00ed).&nbsp;<br>Poskytuji i slu\u017eby v oblasti individu\u00e1ln\u00edho nastaven\u00ed posedu na kole syst\u00e9mem&nbsp;<a href=\"https:\/\/re-forma.cz\/novinky\/22-uzijte-si-jizdu-na-kole-bez-bolesti-a-slapejte-efektivne.html\" class=\"u-active-none u-border-none u-btn u-button-style u-hover-none u-none u-text-palette-1-base u-btn-1\">Ret\u00fcl bike fit<\/a>&nbsp;\u010di&nbsp;<span style=\"font-weight: 700;\">zhotoven\u00ed st\u00e9lek do sportovn\u00ed i vych\u00e1zkov\u00e9 obuvi na m\u00edru&nbsp;<\/span>\n                        <a href=\"https:\/\/re-forma.cz\/novinky\/24-vlozky-formthotics.html\" class=\"u-active-none u-border-none u-btn u-button-style u-hover-none u-none u-text-palette-1-base u-btn-2\">Formthotics<\/a>..\n                      <\/p>\n                      <a href=\"\" class=\"u-align-center u-border-none u-btn u-btn-round u-button-style u-hover-palette-4-base u-palette-4-base u-radius u-btn-3\">Online rezervace <\/a>\n                    <\/div>\n                  <\/div>\n                  <div class=\"u-container-style u-grey-5 u-layout-cell u-size-30 u-layout-cell-2\">\n                    <div class=\"u-container-layout u-container-layout-2\">\n                      <img decoding=\"async\" class=\"u-align-center u-image u-image-contain u-image-default u-preserve-proportions u-image-2\" src=\"https:\/\/studiamo.cz\/wp-content\/uploads\/2025\/10\/ikonka-firma.png\" alt=\"\" data-image-width=\"128\" data-image-height=\"128\">\n                      <h3 class=\"u-align-center u-text u-text-default u-text-palette-4-base u-text-3\">Firma ve form\u011b<\/h3>\n                      <p class=\"u-align-center u-text u-text-default u-text-4\"> Po individu\u00e1ln\u00ed konzultaci p\u0159iprav\u00edm komplexn\u00ed pl\u00e1n pro sportovce se zam\u011b\u0159en\u00edm na eliminaci sportovn\u00edch zran\u011bn\u00ed, prevenci a zv\u00fd\u0161en\u00ed v\u00fdkonnosti.<br>Dlouhodob\u011b spolupracuji se sportovci na nejvy\u0161\u0161\u00ed \u00farovni. Aktu\u00e1ln\u011b jsem \u010dlenkou World Tour t\u00fdmu Visma Lease a Bike. Spolupracovala jsem s (reprezenta\u010dn\u00ed t\u00fdm\u00fd silni\u010dn\u00ed cyklistiky - N\u011bmecka, \u0160v\u00fdcarska, Rakouska, Bora- Hansgrohe a dal\u0161\u00ed).&nbsp;<br>Poskytuji i slu\u017eby v oblasti individu\u00e1ln\u00edho nastaven\u00ed posedu na kole syst\u00e9mem&nbsp;<a href=\"https:\/\/re-forma.cz\/novinky\/22-uzijte-si-jizdu-na-kole-bez-bolesti-a-slapejte-efektivne.html\" class=\"u-active-none u-border-none u-btn u-button-style u-hover-none u-none u-text-palette-1-base u-btn-1\">Ret\u00fcl bike fit<\/a>&nbsp;\u010di&nbsp;<span style=\"font-weight: 700;\">zhotoven\u00ed st\u00e9lek do sportovn\u00ed i vych\u00e1zkov\u00e9 obuvi na m\u00edru&nbsp;<\/span>\n                        <a href=\"https:\/\/re-forma.cz\/novinky\/24-vlozky-formthotics.html\" class=\"u-active-none u-border-none u-btn u-button-style u-hover-none u-none u-text-palette-1-base u-btn-2\">Formthotics<\/a>..\n                      <\/p>\n                      <a href=\"\" class=\"u-align-center u-border-none u-btn u-btn-round u-button-style u-hover-palette-4-base u-palette-4-base u-radius u-btn-6\">Online rezervace <\/a>\n                    <\/div>\n                  <\/div>\n                <\/div>\n              <\/div>\n              <div class=\"u-size-30\">\n                <div class=\"u-layout-row\">\n                  <div class=\"u-align-center u-container-align-center u-container-style u-grey-5 u-layout-cell u-size-30 u-layout-cell-3\">\n                    <div class=\"u-container-layout u-container-layout-3\">\n                      <img decoding=\"async\" class=\"u-image u-image-contain u-image-default u-preserve-proportions u-image-3\" src=\"https:\/\/studiamo.cz\/wp-content\/uploads\/2025\/10\/ikonka-skola.png\" alt=\"\" data-image-width=\"128\" data-image-height=\"128\">\n                      <h3 class=\"u-text u-text-default u-text-palette-4-base u-text-5\">\u0160kola ve form\u011b<\/h3>\n                      <p class=\"u-text u-text-default u-text-6\"> Po individu\u00e1ln\u00ed konzultaci p\u0159iprav\u00edm komplexn\u00ed pl\u00e1n pro \u0161kolu se zam\u011b\u0159en\u00edm na eliminaci svalov\u00fdch probl\u00e9m\u016f \u017e\u00e1k\u016f. Formou praktick\u00fdch uk\u00e1zek a p\u0159edn\u00e1\u0161ek ve t\u0159\u00edd\u011b. D\u00e1le&nbsp;<span style=\"font-weight: 700;\">lekce kompenza\u010dn\u00edho cvi\u010den\u00ed<\/span>. Nab\u00eddka fyzioterapie a mas\u00e1\u017e\u00ed pro zam\u011bstnance \u0161koly.\n                      <\/p>\n                      <a href=\"\" class=\"u-align-center u-border-none u-btn u-btn-round u-button-style u-hover-palette-4-base u-palette-4-base u-radius u-btn-7\">Online rezervace <\/a>\n                    <\/div>\n                  <\/div>\n                  <div class=\"u-align-center u-container-align-center u-container-style u-grey-5 u-layout-cell u-size-30 u-layout-cell-4\">\n                    <div class=\"u-container-layout u-container-layout-4\">\n                      <img decoding=\"async\" class=\"u-align-center u-image u-image-contain u-image-default u-preserve-proportions u-image-4\" src=\"https:\/\/studiamo.cz\/wp-content\/uploads\/2025\/10\/ikonka-tehulka.png\" alt=\"\" data-image-width=\"128\" data-image-height=\"128\">\n                      <h3 class=\"u-text u-text-default u-text-palette-4-base u-text-7\">T\u011bhulka ve form\u011b<\/h3>\n                      <p class=\"u-align-center u-text u-text-default u-text-8\"> Program na m\u00edru pro t\u011bhotn\u00e9. Cvi\u010den\u00ed pro&nbsp;udr\u017een\u00ed \u017eeny v dobr\u00e9 kondici p\u0159ed porodem, po porodu. Aktivace p\u00e1nevn\u00edho dna, prevence inkontinence. P\u0159\u00edpadn\u00e1 p\u00e9\u010de o jizvu po c\u00edsa\u0159sk\u00e9m \u0159ezu.<br>\u0158e\u0161\u00edm i obt\u00ed\u017ee s ot\u011bhotn\u011bn\u00edm osv\u011bd\u010denou metodou Ludmily Moj\u017e\u00ed\u0161ov\u00e9\n                      <\/p>\n                      <a href=\"\" class=\"u-align-center u-border-none u-btn u-btn-round u-button-style u-hover-palette-4-base u-palette-4-base u-radius u-btn-8\">Online rezervace <\/a>\n                    <\/div>\n                  <\/div>\n                <\/div>\n              <\/div>\n            <\/div>\n          <\/div>\n        <\/div>\n      <\/div>\n    <\/section>\n    \n    \n    \n    \n    \n  \n","protected":false},"excerpt":{"rendered":"<p>Speci\u00e1ln\u00ed nab\u00eddky Sportovec ve form\u011b Po individu\u00e1ln\u00ed konzultaci p\u0159iprav\u00edm komplexn\u00ed pl\u00e1n pro sportovce se zam\u011b\u0159en\u00edm na eliminaci sportovn\u00edch zran\u011bn\u00ed, prevenci a zv\u00fd\u0161en\u00ed v\u00fdkonnosti.Dlouhodob\u011b spolupracuji se sportovci na nejvy\u0161\u0161\u00ed \u00farovni. Aktu\u00e1ln\u011b jsem \u010dlenkou World Tour t\u00fdmu Visma Lease a Bike. Spolupracovala jsem s (reprezenta\u010dn\u00ed t\u00fdm\u00fd silni\u010dn\u00ed cyklistiky &#8211; N\u011bmecka, \u0160v\u00fdcarska, Rakouska, Bora- Hansgrohe a dal\u0161\u00ed).&nbsp;Poskytuji i &hellip; <a href=\"https:\/\/studiamo.cz\/?page_id=3513\" class=\"more-link\">Continue reading<span class=\"screen-reader-text\"> &#8222;Speci\u00e1ln\u00ed nab\u00eddky&#8220;<\/span><\/a><\/p>\n","protected":false},"author":1,"featured_media":0,"parent":0,"menu_order":6,"comment_status":"closed","ping_status":"closed","template":"","meta":{"footnotes":""},"class_list":["post-3513","page","type-page","status-publish","hentry"],"_links":{"self":[{"href":"https:\/\/studiamo.cz\/index.php?rest_route=\/wp\/v2\/pages\/3513","targetHints":{"allow":["GET"]}}],"collection":[{"href":"https:\/\/studiamo.cz\/index.php?rest_route=\/wp\/v2\/pages"}],"about":[{"href":"https:\/\/studiamo.cz\/index.php?rest_route=\/wp\/v2\/types\/page"}],"author":[{"embeddable":true,"href":"https:\/\/studiamo.cz\/index.php?rest_route=\/wp\/v2\/users\/1"}],"replies":[{"embeddable":true,"href":"https:\/\/studiamo.cz\/index.php?rest_route=%2Fwp%2Fv2%2Fcomments&post=3513"}],"version-history":[{"count":1,"href":"https:\/\/studiamo.cz\/index.php?rest_route=\/wp\/v2\/pages\/3513\/revisions"}],"predecessor-version":[{"id":3520,"href":"https:\/\/studiamo.cz\/index.php?rest_route=\/wp\/v2\/pages\/3513\/revisions\/3520"}],"wp:attachment":[{"href":"https:\/\/studiamo.cz\/index.php?rest_route=%2Fwp%2Fv2%2Fmedia&parent=3513"}],"curies":[{"name":"wp","href":"https:\/\/api.w.org\/{rel}","templated":true}]}}