{"id":3514,"date":"2025-10-29T15:54:39","date_gmt":"2025-10-29T14:54:39","guid":{"rendered":"https:\/\/studiamo.cz\/?page_id=3514"},"modified":"2025-10-29T15:54:41","modified_gmt":"2025-10-29T14:54:41","slug":"domov","status":"publish","type":"page","link":"https:\/\/studiamo.cz\/","title":{"rendered":"Domov"},"content":{"rendered":"\n  \n    <section class=\"u-clearfix u-valign-middle-lg u-valign-middle-md u-valign-middle-sm u-valign-middle-xs u-section-1\" id=\"block-1\">\n      \n      <img decoding=\"async\" class=\"u-expanded-width u-image u-image-1\" src=\"https:\/\/studiamo.cz\/wp-content\/uploads\/2025\/10\/banner-hlavni.jpg\" data-image-width=\"1200\" data-image-height=\"800\">\n      <p class=\"u-align-center u-text u-text-white u-text-1\"><span style=\"font-size: 3rem; font-weight: 400;\">RE-FORMA<br>VR\u00c1T\u00cdM V\u00c1S DO FORMY&nbsp;<\/span>\n        <br><span style=\"font-weight: 400; font-size: 1.25rem;\">Jsem fyzioterapeut a rozh\u00fdbu va\u0161e t\u011blo!&nbsp;<\/span><span style=\"font-size: 1.25rem;\">\n          <br><span style=\"font-weight: 400;\">Pom\u016f\u017eu v\u00e1m c\u00edtit se l\u00e9pe, a v\u0161e \u0159e\u0161it zcela komplexn\u011b. Zam\u011b\u0159uji se \u00fa\u010dinn\u00e9 \u0159e\u0161en\u00ed va\u0161\u00ed bolesti \u010di l\u00e9\u010dbu zran\u011bn\u00ed a tak\u00e9 v\u00e1s nau\u010d\u00edm pozn\u00e1vat sv\u00e9 vlastn\u00ed t\u011blo a dostat se s radost\u00ed do formy!<\/span><\/span>\n      <\/p>\n      <div class=\"data-layout-selected u-clearfix u-expanded-width u-layout-wrap u-layout-wrap-1\">\n        <div class=\"u-gutter-0 u-layout\">\n          <div class=\"u-layout-col\">\n            <div class=\"u-size-30\">\n              <div class=\"u-layout-row\">\n                <div class=\"u-container-style u-layout-cell u-shape-rectangle u-size-20 u-layout-cell-1\">\n                  <div class=\"u-container-layout u-container-layout-1\">\n                    <img decoding=\"async\" class=\"custom-expanded u-image u-image-contain u-image-2\" src=\"https:\/\/studiamo.cz\/wp-content\/uploads\/2025\/10\/sluzby1.jpg\" data-image-width=\"372\" data-image-height=\"290\">\n                  <\/div>\n                <\/div>\n                <div class=\"u-container-style u-layout-cell u-shape-rectangle u-size-20 u-layout-cell-2\">\n                  <div class=\"u-container-layout u-container-layout-2\">\n                    <img decoding=\"async\" class=\"u-image u-image-contain u-image-default u-image-3\" src=\"https:\/\/studiamo.cz\/wp-content\/uploads\/2025\/10\/sluzby2.jpg\" alt=\"\" data-image-width=\"372\" data-image-height=\"290\">\n                  <\/div>\n                <\/div>\n                <div class=\"u-container-style u-layout-cell u-shape-rectangle u-size-20 u-layout-cell-3\">\n                  <div class=\"u-container-layout u-container-layout-3\">\n                    <img decoding=\"async\" class=\"u-image u-image-contain u-image-default u-image-4\" src=\"https:\/\/studiamo.cz\/wp-content\/uploads\/2025\/10\/sluzby3.jpg\" alt=\"\" data-image-width=\"372\" data-image-height=\"290\">\n                  <\/div>\n                <\/div>\n              <\/div>\n            <\/div>\n            <div class=\"u-size-30\">\n              <div class=\"u-layout-row\">\n                <div class=\"u-align-center u-container-align-center u-container-style u-layout-cell u-size-20 u-layout-cell-4\">\n                  <div class=\"u-container-layout u-container-layout-4\">\n                    <h3 class=\"u-align-center u-text u-text-default u-text-2\">\n                      <a href=\"https:\/\/studiamo.cz\/?page_id=3512\" class=\"u-active-none u-border-none u-btn u-button-link u-button-style u-hover-none u-none u-text-palette-1-base u-btn-1\" title=\"Slu\u017eby\">SLU\u017dBY<\/a>\n                    <\/h3>\n                    <p class=\"u-align-center u-text u-text-default u-text-3\"> Fyzioterapie, sportovn\u00ed fyzioterapie, prevence, konzultace, ergonomie, relaxace a regenerace...to v\u0161e je v\u00e1m k dispozici!<\/p>\n                  <\/div>\n                <\/div>\n                <div class=\"u-container-style u-layout-cell u-size-20 u-layout-cell-5\">\n                  <div class=\"u-container-layout u-container-layout-5\">\n                    <h3 class=\"u-align-center u-text u-text-default u-text-4\">\n                      <a href=\"https:\/\/studiamo.cz\/?page_id=3511\" class=\"u-active-none u-border-none u-btn u-button-link u-button-style u-hover-none u-none u-text-palette-1-base u-btn-2\" title=\"Co l\u011b\u010d\u00edm\">CO A JAK L\u00c9\u010c\u00cdM<\/a>\n                    <\/h3>\n                    <p class=\"u-align-center u-text u-text-default u-text-5\"> \u0158e\u0161\u00edm v\u0161e od bolest\u00ed hlavy p\u0159es bolesti zad a\u017e po spadlou klenbu nohy. V rejst\u0159\u00edku m\u00e1m mnoho modern\u00edch fyzioterapeutick\u00fdch p\u0159\u00edstup\u016f.<\/p>\n                  <\/div>\n                <\/div>\n                <div class=\"u-container-style u-layout-cell u-size-20 u-layout-cell-6\">\n                  <div class=\"u-container-layout u-container-layout-6\">\n                    <h3 class=\"u-align-center u-text u-text-default u-text-6\">\n                      <a class=\"u-active-none u-border-none u-btn u-button-link u-button-style u-hover-none u-none u-text-palette-1-base u-btn-3\" href=\"https:\/\/studiamo.cz\/?page_id=3513\" title=\"Speci\u00e1ln\u00ed nab\u00eddky\">SPECI\u00c1LN\u00cd NAB\u00cdDKY<\/a>\n                    <\/h3>\n                    <p class=\"u-align-center u-text u-text-default u-text-7\"> T\u011bhulka ve form\u011b, firma ve form\u011b, sportovec ve form\u011b.<br>Vyzkou\u0161ejte speci\u00e1ln\u00ed nab\u00eddky \u0161it\u00e9 na m\u00edru.\n                    <\/p>\n                  <\/div>\n                <\/div>\n              <\/div>\n            <\/div>\n          <\/div>\n        <\/div>\n      <\/div>\n      <img decoding=\"async\" class=\"custom-expanded u-image u-image-default u-image-5\" src=\"https:\/\/studiamo.cz\/wp-content\/uploads\/2025\/10\/Petra-footer.png\" alt=\"\" data-image-width=\"933\" data-image-height=\"107\">\n    <\/section>\n    <section class=\"u-clearfix u-section-2\" id=\"block-2\">\n      <div class=\"u-clearfix u-sheet u-valign-middle-xl u-valign-top-lg u-valign-top-md u-valign-top-sm u-valign-top-xs u-sheet-1\">\n        <div class=\"data-layout-selected u-clearfix u-expanded-width u-layout-wrap u-layout-wrap-1\">\n          <div class=\"u-layout\">\n            <div class=\"u-layout-row\">\n              <div class=\"u-container-style u-layout-cell u-size-30 u-layout-cell-1\">\n                <div class=\"u-container-layout u-valign-top u-container-layout-1\">\n                  <h3 class=\"u-align-center u-text u-text-default u-text-palette-4-base u-text-1\"> ON-LINE&nbsp;REZERVACE<\/h3>\n                  <div class=\"custom-expanded u-border-1 u-border-palette-4-base u-line u-line-horizontal u-line-1\"><\/div>\n                  <p class=\"u-align-center u-text u-text-default u-text-2\"> Pro rezervaci pros\u00edm vyu\u017eijte on-line formul\u00e1\u0159<\/p>\n                  <a href=\"\" class=\"u-border-none u-btn u-button-style u-hover-palette-1-dark-1 u-palette-4-base u-btn-1\">on-line rezervace<span style=\"font-weight: 400;\"><\/span>\n                  <\/a>\n                  <div class=\"custom-expanded u-border-1 u-border-palette-4-base u-line u-line-horizontal u-line-2\"><\/div>\n                  <p class=\"u-align-left u-text u-text-default u-text-3\"> P\u0159\u00edpadn\u00e9 zru\u0161en\u00ed rezervovan\u00e9ho term\u00ednu je t\u0159eba nahl\u00e1sit minim\u00e1ln\u011b 24 hodin p\u0159edem na tel \u010d\u00edsle:&nbsp;&nbsp;<br>\n                    <br><span style=\"font-weight: 700;\">+420 777 018 491<\/span> (Mgr. Mestekov\u00e1).<br>\n                    <br>V p\u0159\u00edpad\u011b pozdn\u00edho storna je \u00fa\u010dtov\u00e1na p\u0159ir\u00e1\u017eka 500K\u010d.\n                  <\/p>\n                  <p class=\"u-align-left u-text u-text-default u-text-4\"> Pro rezervaci term\u00ednu nen\u00ed pot\u0159ebn\u00e9 m\u00edt doporu\u010den\u00ed od l\u00e9ka\u0159e. V p\u0159\u00edpad\u011b p\u0159edchoz\u00ed l\u00e9\u010dby, nebo vy\u0161et\u0159en\u00ed (RTG, CT, MRI) je vhodn\u00e9 don\u00e9st dokumentaci k nahl\u00e9dnut\u00ed s sebou. Po dohod\u011b lze prov\u00e9st terapii, mas\u00e1\u017e i poradenstv\u00ed mimo ordinaci ve va\u0161em prost\u0159ed\u00ed.<\/p>\n                <\/div>\n              <\/div>\n              <div class=\"u-container-style u-layout-cell u-size-30 u-layout-cell-2\">\n                <div class=\"u-container-layout u-container-layout-2\">\n                  <h3 class=\"u-text u-text-default u-text-palette-4-base u-text-5\">KONTAKTUJTE M\u011a<\/h3>\n                  <div class=\"u-expanded-width u-form u-form-1\">\n                    <form action=\"https:\/\/service.nicepagesrv.com\/form\/v4\/form-process\" class=\"u-clearfix u-form-spacing-10 u-form-vertical u-inner-form\" source=\"email\" name=\"form\" style=\"padding: 10px;\">\n                      <div class=\"u-form-group u-form-name\">\n                        <label class=\"u-label\">Va\u0161e jm\u00e9no (*)<\/label>\n                        <input type=\"text\" placeholder=\"Enter your Name\" id=\"name-bccb\" name=\"name\" class=\"u-input u-input-rectangle\" required=\"\">\n                      <\/div>\n                      <div class=\"u-form-email u-form-group\">\n                        <label class=\"u-label\">e-mail (*)<\/label>\n                        <input type=\"email\" placeholder=\"Enter a valid email address\" id=\"email-bccb\" name=\"email\" class=\"u-input u-input-rectangle\" required=\"\">\n                      <\/div>\n                      <div class=\"u-form-group u-form-group-3\">\n                        <label class=\"u-label\">Telefon (*)<\/label>\n                        <input type=\"text\" placeholder=\"\" id=\"text-f978\" name=\"text\" class=\"u-input u-input-rectangle\">\n                      <\/div>\n                      <div class=\"u-form-group u-form-message\">\n                        <label class=\"u-label\">Zpr\u00e1va (*)<\/label>\n                        <textarea placeholder=\"Enter your message\" id=\"message-bccb\" name=\"message\" class=\"u-input u-input-rectangle\" required=\"\"><\/textarea>\n                      <\/div>\n                      <div class=\"u-align-left u-form-group u-form-submit\">\n                        <a href=\"#\" class=\"u-border-none u-btn u-btn-submit u-button-style u-palette-4-base u-btn-2\">Odeslat<\/a>\n                        <input type=\"submit\" value=\"submit\" class=\"u-form-control-hidden\">\n                      <\/div>\n                      <div class=\"u-form-send-message u-form-send-success\"> Thank you! Your message has been sent. <\/div>\n                      <div class=\"u-form-send-error u-form-send-message\"> Unable to send your message. Please fix errors then try again. <\/div>\n                      <input type=\"hidden\" value=\"\" name=\"recaptchaResponse\">\n                      <input type=\"hidden\" name=\"formServices\" value=\"6d92e67b-baf9-6c5c-beed-f8eeb2ec7d94\">\n                    <\/form>\n                  <\/div>\n                <\/div>\n              <\/div>\n            <\/div>\n          <\/div>\n        <\/div>\n      <\/div>\n    <\/section>\n    <section class=\"u-clearfix u-section-3\" id=\"block-4\">\n      <div class=\"u-clearfix u-sheet u-sheet-1\">\n        <h3 class=\"u-align-center u-text u-text-default u-text-palette-4-base u-text-1\">Akceptujeme benefity<\/h3>\n        <div class=\"u-expanded-width u-gallery u-layout-horizontal u-lightbox u-no-transition u-show-text-on-hover u-gallery-1\">\n          <div class=\"u-gallery-inner u-gallery-inner-1\"><div class=\"u-effect-fade u-effect-hover-liftUp u-gallery-item u-gallery-item-1\"><div class=\"u-back-slide\" data-image-width=\"150\" data-image-height=\"64\"><img decoding=\"async\" class=\"u-back-image\" src=\"https:\/\/studiamo.cz\/wp-content\/uploads\/2025\/10\/benefitplus.png\">\n<\/div><div class=\"u-over-slide u-shading u-over-slide-1\"><\/div>\n<\/div><div class=\"u-effect-fade u-effect-hover-liftUp u-gallery-item u-gallery-item-2\"><div class=\"u-back-slide\" data-image-width=\"137\" data-image-height=\"76\"><img decoding=\"async\" class=\"u-back-image\" src=\"https:\/\/studiamo.cz\/wp-content\/uploads\/2025\/10\/2_FKSP.png\">\n<\/div><div class=\"u-over-slide u-shading u-over-slide-2\"><\/div>\n<\/div><div class=\"u-effect-fade u-effect-hover-liftUp u-gallery-item u-gallery-item-3\"><div class=\"u-back-slide\" data-image-width=\"150\" data-image-height=\"64\"><img decoding=\"async\" class=\"u-back-image\" src=\"https:\/\/studiamo.cz\/wp-content\/uploads\/2025\/10\/ePass_LOGO_CMYK.png\">\n<\/div><div class=\"u-over-slide u-shading u-over-slide-3\"><\/div>\n<\/div><div class=\"u-effect-fade u-effect-hover-liftUp u-gallery-item u-gallery-item-4\"><div class=\"u-back-slide\" data-image-width=\"150\" data-image-height=\"64\"><img decoding=\"async\" class=\"u-back-image\" src=\"https:\/\/studiamo.cz\/wp-content\/uploads\/2025\/10\/smart_logo_CMYK.png\">\n<\/div><div class=\"u-over-slide u-shading u-over-slide-4\"><\/div>\n<\/div><div class=\"u-effect-fade u-effect-hover-liftUp u-gallery-item u-gallery-item-5\"><div class=\"u-back-slide\" data-image-width=\"150\" data-image-height=\"64\"><img decoding=\"async\" class=\"u-back-image\" src=\"https:\/\/studiamo.cz\/wp-content\/uploads\/2025\/10\/BonusPass_logo_CMYK.png\">\n<\/div><div class=\"u-over-slide u-shading u-over-slide-5\"><\/div>\n<\/div><div class=\"u-effect-fade u-effect-hover-liftUp u-gallery-item u-gallery-item-6\"><div class=\"u-back-slide\" data-image-width=\"240\" data-image-height=\"77\"><img decoding=\"async\" class=\"u-back-image\" src=\"https:\/\/studiamo.cz\/wp-content\/uploads\/2025\/10\/1_pluxee.png\">\n<\/div><div class=\"u-over-slide u-shading u-over-slide-6\"><\/div>\n<\/div><div class=\"u-effect-fade u-effect-hover-liftUp u-gallery-item u-gallery-item-7\" data-image-width=\"220\" data-image-height=\"72\"><div class=\"u-back-slide\"><img decoding=\"async\" class=\"u-back-image\" src=\"https:\/\/studiamo.cz\/wp-content\/uploads\/2025\/10\/benefity_logo.jpg\">\n<\/div><div class=\"u-over-slide u-shading u-over-slide-7\"><\/div>\n<\/div><div class=\"u-effect-fade u-effect-hover-liftUp u-gallery-item u-gallery-item-8\" data-image-width=\"150\" data-image-height=\"64\"><div class=\"u-back-slide\"><img decoding=\"async\" class=\"u-back-image\" src=\"https:\/\/studiamo.cz\/wp-content\/uploads\/2025\/10\/darkovy_logo_CMYK.png\">\n<\/div><div class=\"u-over-slide u-shading u-over-slide-8\"><\/div>\n<\/div><\/div>\n          <a class=\"u-absolute-vcenter u-gallery-nav u-gallery-nav-prev u-grey-70 u-hidden u-icon-circle u-opacity u-opacity-70 u-spacing-10 u-text-white u-gallery-nav-1\" href=\"#\" role=\"button\"><span aria-hidden=\"true\">\n              <svg viewBox=\"0 0 451.847 451.847\"><path d=\"M97.141,225.92c0-8.095,3.091-16.192,9.259-22.366L300.689,9.27c12.359-12.359,32.397-12.359,44.751,0\nc12.354,12.354,12.354,32.388,0,44.748L173.525,225.92l171.903,171.909c12.354,12.354,12.354,32.391,0,44.744\nc-12.354,12.365-32.386,12.365-44.745,0l-194.29-194.281C100.226,242.115,97.141,234.018,97.141,225.92z\"><\/path><\/svg><\/span><span class=\"sr-only\">\n              <svg viewBox=\"0 0 451.847 451.847\"><path d=\"M97.141,225.92c0-8.095,3.091-16.192,9.259-22.366L300.689,9.27c12.359-12.359,32.397-12.359,44.751,0\nc12.354,12.354,12.354,32.388,0,44.748L173.525,225.92l171.903,171.909c12.354,12.354,12.354,32.391,0,44.744\nc-12.354,12.365-32.386,12.365-44.745,0l-194.29-194.281C100.226,242.115,97.141,234.018,97.141,225.92z\"><\/path><\/svg><\/span>\n          <\/a>\n          <a class=\"u-absolute-vcenter u-gallery-nav u-gallery-nav-next u-grey-70 u-hidden u-icon-circle u-opacity u-opacity-70 u-spacing-10 u-text-white u-gallery-nav-2\" href=\"#\" role=\"button\"><span aria-hidden=\"true\">\n              <svg viewBox=\"0 0 451.846 451.847\"><path d=\"M345.441,248.292L151.154,442.573c-12.359,12.365-32.397,12.365-44.75,0c-12.354-12.354-12.354-32.391,0-44.744\nL278.318,225.92L106.409,54.017c-12.354-12.359-12.354-32.394,0-44.748c12.354-12.359,32.391-12.359,44.75,0l194.287,194.284\nc6.177,6.18,9.262,14.271,9.262,22.366C354.708,234.018,351.617,242.115,345.441,248.292z\"><\/path><\/svg><\/span><span class=\"sr-only\">\n              <svg viewBox=\"0 0 451.846 451.847\"><path d=\"M345.441,248.292L151.154,442.573c-12.359,12.365-32.397,12.365-44.75,0c-12.354-12.354-12.354-32.391,0-44.744\nL278.318,225.92L106.409,54.017c-12.354-12.359-12.354-32.394,0-44.748c12.354-12.359,32.391-12.359,44.75,0l194.287,194.284\nc6.177,6.18,9.262,14.271,9.262,22.366C354.708,234.018,351.617,242.115,345.441,248.292z\"><\/path><\/svg><\/span>\n          <\/a>\n        <\/div>\n      <\/div>\n    <\/section>\n    \n    \n    \n    \n    \n  \n","protected":false},"excerpt":{"rendered":"<p>RE-FORMAVR\u00c1T\u00cdM V\u00c1S DO FORMY&nbsp; Jsem fyzioterapeut a rozh\u00fdbu va\u0161e t\u011blo!&nbsp; Pom\u016f\u017eu v\u00e1m c\u00edtit se l\u00e9pe, a v\u0161e \u0159e\u0161it zcela komplexn\u011b. Zam\u011b\u0159uji se \u00fa\u010dinn\u00e9 \u0159e\u0161en\u00ed va\u0161\u00ed bolesti \u010di l\u00e9\u010dbu zran\u011bn\u00ed a tak\u00e9 v\u00e1s nau\u010d\u00edm pozn\u00e1vat sv\u00e9 vlastn\u00ed t\u011blo a dostat se s radost\u00ed do formy! SLU\u017dBY Fyzioterapie, sportovn\u00ed fyzioterapie, prevence, konzultace, ergonomie, relaxace a regenerace&#8230;to v\u0161e &hellip; <a href=\"https:\/\/studiamo.cz\/\" class=\"more-link\">Continue reading<span class=\"screen-reader-text\"> &#8222;Domov&#8220;<\/span><\/a><\/p>\n","protected":false},"author":1,"featured_media":0,"parent":0,"menu_order":7,"comment_status":"closed","ping_status":"closed","template":"","meta":{"footnotes":""},"class_list":["post-3514","page","type-page","status-publish","hentry"],"_links":{"self":[{"href":"https:\/\/studiamo.cz\/index.php?rest_route=\/wp\/v2\/pages\/3514","targetHints":{"allow":["GET"]}}],"collection":[{"href":"https:\/\/studiamo.cz\/index.php?rest_route=\/wp\/v2\/pages"}],"about":[{"href":"https:\/\/studiamo.cz\/index.php?rest_route=\/wp\/v2\/types\/page"}],"author":[{"embeddable":true,"href":"https:\/\/studiamo.cz\/index.php?rest_route=\/wp\/v2\/users\/1"}],"replies":[{"embeddable":true,"href":"https:\/\/studiamo.cz\/index.php?rest_route=%2Fwp%2Fv2%2Fcomments&post=3514"}],"version-history":[{"count":1,"href":"https:\/\/studiamo.cz\/index.php?rest_route=\/wp\/v2\/pages\/3514\/revisions"}],"predecessor-version":[{"id":3521,"href":"https:\/\/studiamo.cz\/index.php?rest_route=\/wp\/v2\/pages\/3514\/revisions\/3521"}],"wp:attachment":[{"href":"https:\/\/studiamo.cz\/index.php?rest_route=%2Fwp%2Fv2%2Fmedia&parent=3514"}],"curies":[{"name":"wp","href":"https:\/\/api.w.org\/{rel}","templated":true}]}}